{"id":6,"date":"2020-05-22T15:17:50","date_gmt":"2020-05-22T13:17:50","guid":{"rendered":"http:\/\/stages.nature-landes.fr\/?page_id=6"},"modified":"2024-04-05T08:17:53","modified_gmt":"2024-04-05T06:17:53","slug":"stages-club","status":"publish","type":"page","link":"https:\/\/www.stages.nature-landes.fr\/?page_id=6","title":{"rendered":"Stages Club"},"content":{"rendered":"\t\t<div data-elementor-type=\"wp-page\" data-elementor-id=\"6\" class=\"elementor elementor-6\">\n\t\t\t\t\t\t<section class=\"elementor-section elementor-top-section elementor-element elementor-element-424a760 elementor-section-boxed elementor-section-height-default elementor-section-height-default\" data-id=\"424a760\" data-element_type=\"section\" data-e-type=\"section\">\n\t\t\t\t\t\t<div class=\"elementor-container elementor-column-gap-default\">\n\t\t\t\t\t<div class=\"elementor-column elementor-col-100 elementor-top-column elementor-element elementor-element-9162638\" data-id=\"9162638\" data-element_type=\"column\" data-e-type=\"column\">\n\t\t\t<div class=\"elementor-widget-wrap elementor-element-populated\">\n\t\t\t\t\t\t<div class=\"elementor-element elementor-element-5324b8e elementor-widget elementor-widget-heading\" data-id=\"5324b8e\" data-element_type=\"widget\" data-e-type=\"widget\" data-widget_type=\"heading.default\">\n\t\t\t\t<div class=\"elementor-widget-container\">\n\t\t\t\t\t<h2 class=\"elementor-heading-title elementor-size-default\">Vous souhaitez organiser un stage de d\u00e9but ou de fin de saison ?<\/h2>\t\t\t\t<\/div>\n\t\t\t\t<\/div>\n\t\t\t\t<div class=\"elementor-element elementor-element-8059d52 eael-pricing-content-align-center eael-pricing-button-align-center elementor-widget elementor-widget-eael-pricing-table\" data-id=\"8059d52\" data-element_type=\"widget\" data-e-type=\"widget\" data-widget_type=\"eael-pricing-table.default\">\n\t\t\t\t<div class=\"elementor-widget-container\">\n\t\t\t\t\t    <div class=\"eael-pricing style-1 eael-header-devider\">\n                    <div class=\"eael-pricing-item \">\n                <div class=\"header\">\n                    <h2 class=\"title\">Un site unique en aquitaine<\/h2>\n                <\/div>\n                <div class=\"eael-pricing-tag\">\n                    <span class=\"price-tag\"><span class=\"original-price\"><span class=\"price-currency\"><\/span>\n                    <\/span><\/span><span class=\"price-period\"><\/span>                <\/div>\n                <div class=\"body\">\n                            <ul>\n                            <li class=\"eael-pricing-item-feature elementor-repeater-item-b31c1ef\">\n                    \n                                <span class=\"li-icon\">\n                <i aria-hidden=\"true\" class=\"fas fa-check\"><\/i>            <\/span>\n\n        \n                    <span >Espace BBQ pour la convivialit\u00e9<\/span>\n                    \n                     \n                <\/li>\n                            <li class=\"eael-pricing-item-feature elementor-repeater-item-50796ec\">\n                    \n                                <span class=\"li-icon\">\n                <i aria-hidden=\"true\" class=\"fas fa-check\"><\/i>            <\/span>\n\n        \n                    <span >Un site s\u00e9curis\u00e9 pour laisser votre mat\u00e9riel entre deux transistions<\/span>\n                    \n                     \n                <\/li>\n                            <li class=\"eael-pricing-item-feature elementor-repeater-item-d02ae86\">\n                    \n                                <span class=\"li-icon\">\n                <i aria-hidden=\"true\" class=\"fas fa-check\"><\/i>            <\/span>\n\n        \n                    <span >Des activit\u00e9s de loisirs pour couper un peu avec le c\u00f4t\u00e9 sportif\u200b<\/span>\n                    \n                     \n                <\/li>\n                            <li class=\"eael-pricing-item-feature elementor-repeater-item-4af2619\">\n                    \n                                <span class=\"li-icon\">\n                <i aria-hidden=\"true\" class=\"fas fa-check\"><\/i>            <\/span>\n\n        \n                    <span >Les parents en stage sportif, les enfants en stage loisir\u200b<\/span>\n                    \n                     \n                <\/li>\n                            <li class=\"eael-pricing-item-feature elementor-repeater-item-08d0252\">\n                    \n                                <span class=\"li-icon\">\n                <i aria-hidden=\"true\" class=\"fas fa-check\"><\/i>            <\/span>\n\n        \n                    <span >A la journ\u00e9e ou au week end<\/span>\n                    \n                     \n                <\/li>\n                    <\/ul>\n                    <\/div>\n                                <div class=\"footer\">\n                    <a class=\"eael-pricing-button\" href=\"#\" >\n                                                                                Voir nos programes types                                            <\/a>\n                <\/div>\n                            <\/div>\n                    <\/div>\n    \t\t\t\t<\/div>\n\t\t\t\t<\/div>\n\t\t\t\t\t<\/div>\n\t\t<\/div>\n\t\t\t\t\t<\/div>\n\t\t<\/section>\n\t\t\t\t<section class=\"elementor-section elementor-top-section elementor-element elementor-element-2ee60c0 elementor-section-stretched elementor-section-full_width elementor-section-height-default elementor-section-height-default\" data-id=\"2ee60c0\" data-element_type=\"section\" data-e-type=\"section\" data-settings=\"{&quot;stretch_section&quot;:&quot;section-stretched&quot;}\">\n\t\t\t\t\t\t<div class=\"elementor-container elementor-column-gap-default\">\n\t\t\t\t\t<div class=\"elementor-column elementor-col-100 elementor-top-column elementor-element elementor-element-a3fad28\" data-id=\"a3fad28\" data-element_type=\"column\" data-e-type=\"column\">\n\t\t\t<div class=\"elementor-widget-wrap elementor-element-populated\">\n\t\t\t\t\t\t<div class=\"elementor-element elementor-element-cb22840 elementor-widget-divider--view-line elementor-widget elementor-widget-divider\" data-id=\"cb22840\" data-element_type=\"widget\" data-e-type=\"widget\" data-widget_type=\"divider.default\">\n\t\t\t\t<div class=\"elementor-widget-container\">\n\t\t\t\t\t\t\t<div class=\"elementor-divider\">\n\t\t\t<span class=\"elementor-divider-separator\">\n\t\t\t\t\t\t<\/span>\n\t\t<\/div>\n\t\t\t\t\t\t<\/div>\n\t\t\t\t<\/div>\n\t\t\t\t\t<\/div>\n\t\t<\/div>\n\t\t\t\t\t<\/div>\n\t\t<\/section>\n\t\t\t\t<section class=\"elementor-section elementor-top-section elementor-element elementor-element-4df2dfe elementor-section-full_width elementor-section-height-default elementor-section-height-default\" data-id=\"4df2dfe\" data-element_type=\"section\" data-e-type=\"section\">\n\t\t\t\t\t\t<div class=\"elementor-container elementor-column-gap-default\">\n\t\t\t\t\t<div class=\"elementor-column elementor-col-100 elementor-top-column elementor-element elementor-element-1879a97\" data-id=\"1879a97\" data-element_type=\"column\" data-e-type=\"column\">\n\t\t\t<div class=\"elementor-widget-wrap elementor-element-populated\">\n\t\t\t\t\t\t<div class=\"elementor-element elementor-element-bbee8a6 elementor-widget elementor-widget-heading\" data-id=\"bbee8a6\" data-element_type=\"widget\" data-e-type=\"widget\" data-widget_type=\"heading.default\">\n\t\t\t\t<div class=\"elementor-widget-container\">\n\t\t\t\t\t<h2 class=\"elementor-heading-title elementor-size-default\">Vous souhaitez r\u00e9compenser vos b\u00e9n\u00e9voles apr\u00e8s l'organisation d'une manifestation ?<\/h2>\t\t\t\t<\/div>\n\t\t\t\t<\/div>\n\t\t\t\t<div class=\"elementor-element elementor-element-a0f643e elementor-widget elementor-widget-image\" data-id=\"a0f643e\" data-element_type=\"widget\" data-e-type=\"widget\" data-widget_type=\"image.default\">\n\t\t\t\t<div class=\"elementor-widget-container\">\n\t\t\t\t\t\t\t\t\t\t\t\t<figure class=\"wp-caption\">\n\t\t\t\t\t\t\t\t\t\t<img fetchpriority=\"high\" decoding=\"async\" width=\"750\" height=\"500\" src=\"https:\/\/www.stages.nature-landes.fr\/wp-content\/uploads\/2020\/05\/0lesorresr219-02560-768x512.jpg\" class=\"attachment-medium_large size-medium_large wp-image-56\" alt=\"\" srcset=\"https:\/\/www.stages.nature-landes.fr\/wp-content\/uploads\/2020\/05\/0lesorresr219-02560-768x512.jpg 768w, https:\/\/www.stages.nature-landes.fr\/wp-content\/uploads\/2020\/05\/0lesorresr219-02560-600x400.jpg 600w, https:\/\/www.stages.nature-landes.fr\/wp-content\/uploads\/2020\/05\/0lesorresr219-02560-300x200.jpg 300w, https:\/\/www.stages.nature-landes.fr\/wp-content\/uploads\/2020\/05\/0lesorresr219-02560-1024x683.jpg 1024w, https:\/\/www.stages.nature-landes.fr\/wp-content\/uploads\/2020\/05\/0lesorresr219-02560-1536x1024.jpg 1536w, https:\/\/www.stages.nature-landes.fr\/wp-content\/uploads\/2020\/05\/0lesorresr219-02560-2048x1366.jpg 2048w, https:\/\/www.stages.nature-landes.fr\/wp-content\/uploads\/2020\/05\/0lesorresr219-02560-360x240.jpg 360w\" sizes=\"(max-width: 750px) 100vw, 750px\" \/>\t\t\t\t\t\t\t\t\t\t\t<figcaption class=\"widget-image-caption wp-caption-text\">R\u00e9compensez vos b\u00e9n\u00e9voles<\/figcaption>\n\t\t\t\t\t\t\t\t\t\t<\/figure>\n\t\t\t\t\t\t\t\t\t<\/div>\n\t\t\t\t<\/div>\n\t\t\t\t<div class=\"elementor-element elementor-element-8b18635 elementor-widget elementor-widget-heading\" data-id=\"8b18635\" data-element_type=\"widget\" data-e-type=\"widget\" data-widget_type=\"heading.default\">\n\t\t\t\t<div class=\"elementor-widget-container\">\n\t\t\t\t\t<h4 class=\"elementor-heading-title elementor-size-default\">Nature Landes vous propose des dizaines d'activit\u00e9s de loisirs plus ou moins sportives et plus fun les unes que les autres....<\/h4>\t\t\t\t<\/div>\n\t\t\t\t<\/div>\n\t\t\t\t<div class=\"elementor-element elementor-element-b15d652 elementor-widget elementor-widget-image\" data-id=\"b15d652\" data-element_type=\"widget\" data-e-type=\"widget\" data-widget_type=\"image.default\">\n\t\t\t\t<div class=\"elementor-widget-container\">\n\t\t\t\t\t\t\t\t\t\t\t\t\t\t\t<img decoding=\"async\" width=\"750\" height=\"500\" src=\"https:\/\/www.stages.nature-landes.fr\/wp-content\/uploads\/2024\/04\/DSC09139.jpg\" class=\"attachment-large size-large wp-image-217\" alt=\"\" srcset=\"https:\/\/www.stages.nature-landes.fr\/wp-content\/uploads\/2024\/04\/DSC09139.jpg 1024w, https:\/\/www.stages.nature-landes.fr\/wp-content\/uploads\/2024\/04\/DSC09139-300x200.jpg 300w, https:\/\/www.stages.nature-landes.fr\/wp-content\/uploads\/2024\/04\/DSC09139-768x512.jpg 768w, https:\/\/www.stages.nature-landes.fr\/wp-content\/uploads\/2024\/04\/DSC09139-360x240.jpg 360w, https:\/\/www.stages.nature-landes.fr\/wp-content\/uploads\/2024\/04\/DSC09139-600x400.jpg 600w\" sizes=\"(max-width: 750px) 100vw, 750px\" \/>\t\t\t\t\t\t\t\t\t\t\t\t\t\t\t<\/div>\n\t\t\t\t<\/div>\n\t\t\t\t<div class=\"elementor-element elementor-element-8c05e42 eael-product-grid-column-4 elementor-widget elementor-widget-eicon-woocommerce\" data-id=\"8c05e42\" data-element_type=\"widget\" data-e-type=\"widget\" data-widget_type=\"eicon-woocommerce.default\">\n\t\t\t\t<div class=\"elementor-widget-container\">\n\t\t\t\t\t\n        <div class=\"eael-product-grid eael-product-reveal masonry\" id=\"eael-product-grid\" data-widget-id=\"8c05e42\" data-page-id=\"6\" data-nonce=\"21e478fb93\" >\n            <div class=\"woocommerce\">\n                <ul class=\"products eael-post-appender eael-post-appender-8c05e42\" data-ssi-desktop=\"no\" data-ssi-tablet=\"\" data-ssi-mobile=\"\" data-layout-mode=\"masonry\"> <li class=\"product \">\n<div class=\"eael-product-wrap\" data-src=\"\" data-src-hover=\"\">\n    <img decoding=\"async\" width=\"300\" height=\"200\" src=\"https:\/\/www.stages.nature-landes.fr\/wp-content\/uploads\/2020\/05\/DSC_1656.jpg\" class=\"attachment-woocommerce_thumbnail size-woocommerce_thumbnail wvs-archive-product-image\" alt=\"Barjot\" loading=\"eager\" \/><div class=\"eael-product-title\">\n    <a href=\"https:\/\/www.stages.nature-landes.fr\/?product=barjot\" class=\"woocommerce-LoopProduct-link woocommerce-loop-product__link\"><h2 class=\"woocommerce-loop-product__title\">Barjot<\/h2><\/a>\n    <\/div><div class=\"eael-star-rating star-rating\"><span style=\"width:0%\">Rated <strong class=\"rating\">0<\/strong> out of 5<\/span><\/div><div class=\"eael-product-price\"><\/div>    <a href=\"https:\/\/www.stages.nature-landes.fr\/?product=barjot\" aria-describedby=\"woocommerce_loop_add_to_cart_link_describedby_68\" data-quantity=\"1\" class=\"button product_type_simple\" data-product_id=\"68\" data-product_sku=\"\" aria-label=\"Read more about &ldquo;Barjot&rdquo;\" rel=\"nofollow\" data-success_message=\"\">View More<\/a>\t<span id=\"woocommerce_loop_add_to_cart_link_describedby_68\" class=\"screen-reader-text\">\n\t\t\t<\/span>\n    \n<\/div>\n\n<\/li> <li class=\"product \">\n<div class=\"eael-product-wrap\" data-src=\"\" data-src-hover=\"\">\n    <img decoding=\"async\" width=\"300\" height=\"200\" src=\"https:\/\/www.stages.nature-landes.fr\/wp-content\/uploads\/2020\/05\/DSC_3834.jpg\" class=\"attachment-woocommerce_thumbnail size-woocommerce_thumbnail wvs-archive-product-image\" alt=\"Ventrigliss\" loading=\"eager\" \/><div class=\"eael-product-title\">\n    <a href=\"https:\/\/www.stages.nature-landes.fr\/?product=ventrigliss\" class=\"woocommerce-LoopProduct-link woocommerce-loop-product__link\"><h2 class=\"woocommerce-loop-product__title\">Ventrigliss<\/h2><\/a>\n    <\/div><div class=\"eael-star-rating star-rating\"><span style=\"width:0%\">Rated <strong class=\"rating\">0<\/strong> out of 5<\/span><\/div><div class=\"eael-product-price\"><\/div>    <a href=\"https:\/\/www.stages.nature-landes.fr\/?product=ventrigliss\" aria-describedby=\"woocommerce_loop_add_to_cart_link_describedby_64\" data-quantity=\"1\" class=\"button product_type_simple\" data-product_id=\"64\" data-product_sku=\"\" aria-label=\"Read more about &ldquo;Ventrigliss&rdquo;\" rel=\"nofollow\" data-success_message=\"\">View More<\/a>\t<span id=\"woocommerce_loop_add_to_cart_link_describedby_64\" class=\"screen-reader-text\">\n\t\t\t<\/span>\n    \n<\/div>\n\n<\/li><\/ul>            <\/div>\n        <\/div>\n\n        <script type=\"text\/javascript\">\n            jQuery(document).ready(function($) {\n                var $scope = jQuery(\".elementor-element-8c05e42\");\n                var $products = $('.products', $scope);\n                var $layout_mode = $products.data('layout-mode');\n                \n                if ( $layout_mode === 'masonry' ) {\n                    \/\/ init isotope\n                    var $isotope_products = $products.isotope({\n                        itemSelector: \"li.product\",\n                        layoutMode: $layout_mode,\n                        percentPosition: true\n                    });\n\n                    $isotope_products.imagesLoaded().progress( function() {\n                        $isotope_products.isotope('layout');\n                    })\n                    \n                }\n            });\n        <\/script>\n        \t\t\t\t<\/div>\n\t\t\t\t<\/div>\n\t\t\t\t\t<\/div>\n\t\t<\/div>\n\t\t\t\t\t<\/div>\n\t\t<\/section>\n\t\t\t\t<\/div>\n\t\t","protected":false},"excerpt":{"rendered":"<p>Vous souhaitez organiser un stage de d\u00e9but ou de fin de saison ? Un site unique en aquitaine Espace BBQ pour la convivialit\u00e9 Un site s\u00e9curis\u00e9 pour laisser votre mat\u00e9riel entre deux transistions Des activit\u00e9s de loisirs pour couper un peu avec le c\u00f4t\u00e9 sportif\u200b Les parents en stage sportif, [&hellip;]<\/p>\n","protected":false},"author":1,"featured_media":62,"parent":0,"menu_order":0,"comment_status":"closed","ping_status":"closed","template":"page-templates\/template-page-sidebar.php","meta":{"footnotes":""},"class_list":["post-6","page","type-page","status-publish","has-post-thumbnail","hentry"],"_links":{"self":[{"href":"https:\/\/www.stages.nature-landes.fr\/index.php?rest_route=\/wp\/v2\/pages\/6","targetHints":{"allow":["GET"]}}],"collection":[{"href":"https:\/\/www.stages.nature-landes.fr\/index.php?rest_route=\/wp\/v2\/pages"}],"about":[{"href":"https:\/\/www.stages.nature-landes.fr\/index.php?rest_route=\/wp\/v2\/types\/page"}],"author":[{"embeddable":true,"href":"https:\/\/www.stages.nature-landes.fr\/index.php?rest_route=\/wp\/v2\/users\/1"}],"replies":[{"embeddable":true,"href":"https:\/\/www.stages.nature-landes.fr\/index.php?rest_route=%2Fwp%2Fv2%2Fcomments&post=6"}],"version-history":[{"count":13,"href":"https:\/\/www.stages.nature-landes.fr\/index.php?rest_route=\/wp\/v2\/pages\/6\/revisions"}],"predecessor-version":[{"id":220,"href":"https:\/\/www.stages.nature-landes.fr\/index.php?rest_route=\/wp\/v2\/pages\/6\/revisions\/220"}],"wp:featuredmedia":[{"embeddable":true,"href":"https:\/\/www.stages.nature-landes.fr\/index.php?rest_route=\/wp\/v2\/media\/62"}],"wp:attachment":[{"href":"https:\/\/www.stages.nature-landes.fr\/index.php?rest_route=%2Fwp%2Fv2%2Fmedia&parent=6"}],"curies":[{"name":"wp","href":"https:\/\/api.w.org\/{rel}","templated":true}]}}