{"id":44,"date":"2020-05-22T15:24:18","date_gmt":"2020-05-22T13:24:18","guid":{"rendered":"http:\/\/stages.nature-landes.fr\/?page_id=44"},"modified":"2024-04-05T08:10:47","modified_gmt":"2024-04-05T06:10:47","slug":"stages-jeunes","status":"publish","type":"page","link":"https:\/\/www.stages.nature-landes.fr\/?page_id=44","title":{"rendered":"Stages Jeunes"},"content":{"rendered":"\t\t<div data-elementor-type=\"wp-page\" data-elementor-id=\"44\" class=\"elementor elementor-44\">\n\t\t\t\t\t\t<section class=\"elementor-section elementor-top-section elementor-element elementor-element-4bdd9dc elementor-section-boxed elementor-section-height-default elementor-section-height-default\" data-id=\"4bdd9dc\" data-element_type=\"section\" data-e-type=\"section\">\n\t\t\t\t\t\t<div class=\"elementor-container elementor-column-gap-default\">\n\t\t\t\t\t<div class=\"elementor-column elementor-col-100 elementor-top-column elementor-element elementor-element-3108620\" data-id=\"3108620\" data-element_type=\"column\" data-e-type=\"column\">\n\t\t\t<div class=\"elementor-widget-wrap\">\n\t\t\t\t\t\t\t<\/div>\n\t\t<\/div>\n\t\t\t\t\t<\/div>\n\t\t<\/section>\n\t\t\t\t<section class=\"elementor-section elementor-top-section elementor-element elementor-element-deabfc2 elementor-section-boxed elementor-section-height-default elementor-section-height-default\" data-id=\"deabfc2\" data-element_type=\"section\" data-e-type=\"section\">\n\t\t\t\t\t\t<div class=\"elementor-container elementor-column-gap-default\">\n\t\t\t\t\t<div class=\"elementor-column elementor-col-100 elementor-top-column elementor-element elementor-element-4827aa7\" data-id=\"4827aa7\" data-element_type=\"column\" data-e-type=\"column\">\n\t\t\t<div class=\"elementor-widget-wrap elementor-element-populated\">\n\t\t\t\t\t\t<div class=\"elementor-element elementor-element-ae14adf elementor-widget elementor-widget-heading\" data-id=\"ae14adf\" data-element_type=\"widget\" data-e-type=\"widget\" data-widget_type=\"heading.default\">\n\t\t\t\t<div class=\"elementor-widget-container\">\n\t\t\t\t\t<h6 class=\"elementor-heading-title elementor-size-default\">Nos stages jeune sont con\u00e7us pour offrir une exp\u00e9rience enrichissante et divertissante aux jeunes triathl\u00e8tes en herbe. Que vous soyez une \u00e9quipe en qu\u00eate de coh\u00e9sion, un groupe de jeunes sportifs passionn\u00e9s ou des individus d\u00e9sireux de perfectionner leurs comp\u00e9tences, nos programmes sont adapt\u00e9s \u00e0 tous les niveaux et \u00e0 toutes les aspirations.<\/h6>\t\t\t\t<\/div>\n\t\t\t\t<\/div>\n\t\t\t\t<div class=\"elementor-element elementor-element-4f1097f elementor-widget elementor-widget-image\" data-id=\"4f1097f\" data-element_type=\"widget\" data-e-type=\"widget\" data-widget_type=\"image.default\">\n\t\t\t\t<div class=\"elementor-widget-container\">\n\t\t\t\t\t\t\t\t\t\t\t\t\t\t\t<img fetchpriority=\"high\" decoding=\"async\" width=\"750\" height=\"422\" src=\"https:\/\/www.stages.nature-landes.fr\/wp-content\/uploads\/2024\/04\/870x489_cropped-trail.jpg\" class=\"attachment-large size-large wp-image-208\" alt=\"\" srcset=\"https:\/\/www.stages.nature-landes.fr\/wp-content\/uploads\/2024\/04\/870x489_cropped-trail.jpg 870w, https:\/\/www.stages.nature-landes.fr\/wp-content\/uploads\/2024\/04\/870x489_cropped-trail-300x169.jpg 300w, https:\/\/www.stages.nature-landes.fr\/wp-content\/uploads\/2024\/04\/870x489_cropped-trail-768x432.jpg 768w, https:\/\/www.stages.nature-landes.fr\/wp-content\/uploads\/2024\/04\/870x489_cropped-trail-600x337.jpg 600w\" sizes=\"(max-width: 750px) 100vw, 750px\" \/>\t\t\t\t\t\t\t\t\t\t\t\t\t\t\t<\/div>\n\t\t\t\t<\/div>\n\t\t\t\t<div class=\"elementor-element elementor-element-c3a38f0 elementor-position-inline-start elementor-view-default elementor-mobile-position-block-start elementor-widget elementor-widget-icon-box\" data-id=\"c3a38f0\" data-element_type=\"widget\" data-e-type=\"widget\" data-widget_type=\"icon-box.default\">\n\t\t\t\t<div class=\"elementor-widget-container\">\n\t\t\t\t\t\t\t<div class=\"elementor-icon-box-wrapper\">\n\n\t\t\t\t\t\t<div class=\"elementor-icon-box-icon\">\n\t\t\t\t<span  class=\"elementor-icon\">\n\t\t\t\t<i aria-hidden=\"true\" class=\"fas fa-user-edit\"><\/i>\t\t\t\t<\/span>\n\t\t\t<\/div>\n\t\t\t\n\t\t\t\t\t\t<div class=\"elementor-icon-box-content\">\n\n\t\t\t\t\t\t\t\t\t<h3 class=\"elementor-icon-box-title\">\n\t\t\t\t\t\t<span  >\n\t\t\t\t\t\t\t1. Gestion de Stages sur Mesure\t\t\t\t\t\t<\/span>\n\t\t\t\t\t<\/h3>\n\t\t\t\t\n\t\t\t\t\t\t\t\t\t<p class=\"elementor-icon-box-description\">\n\t\t\t\t\t\tVous souhaitez organiser votre propre stage pour votre \u00e9quipe jeune ? Pas de probl\u00e8me ! Nous vous offrons la possibilit\u00e9 de g\u00e9rer votre propre programme tout en b\u00e9n\u00e9ficiant de notre support logistique et de nos h\u00e9bergements confortables. Concentrez-vous sur l'entra\u00eenement et laissez-nous nous occuper du reste.\t\t\t\t\t<\/p>\n\t\t\t\t\n\t\t\t<\/div>\n\t\t\t\n\t\t<\/div>\n\t\t\t\t\t\t<\/div>\n\t\t\t\t<\/div>\n\t\t\t\t<div class=\"elementor-element elementor-element-b6d4bc6 elementor-position-inline-start elementor-view-default elementor-mobile-position-block-start elementor-widget elementor-widget-icon-box\" data-id=\"b6d4bc6\" data-element_type=\"widget\" data-e-type=\"widget\" data-widget_type=\"icon-box.default\">\n\t\t\t\t<div class=\"elementor-widget-container\">\n\t\t\t\t\t\t\t<div class=\"elementor-icon-box-wrapper\">\n\n\t\t\t\t\t\t<div class=\"elementor-icon-box-icon\">\n\t\t\t\t<span  class=\"elementor-icon\">\n\t\t\t\t<i aria-hidden=\"true\" class=\"fas fa-link\"><\/i>\t\t\t\t<\/span>\n\t\t\t<\/div>\n\t\t\t\n\t\t\t\t\t\t<div class=\"elementor-icon-box-content\">\n\n\t\t\t\t\t\t\t\t\t<h3 class=\"elementor-icon-box-title\">\n\t\t\t\t\t\t<span  >\n\t\t\t\t\t\t\t2. Renforcement de la Coh\u00e9sion d'\u00c9quipe\t\t\t\t\t\t<\/span>\n\t\t\t\t\t<\/h3>\n\t\t\t\t\n\t\t\t\t\t\t\t\t\t<p class=\"elementor-icon-box-description\">\n\t\t\t\t\t\tOffrez \u00e0 votre \u00e9quipe jeune l'opportunit\u00e9 de renforcer sa coh\u00e9sion et sa camaraderie en participant \u00e0 nos stages sp\u00e9cialement con\u00e7us pour promouvoir le travail d'\u00e9quipe et le d\u00e9passement de soi. Des activit\u00e9s et des exercices interactifs favorisent la communication, la confiance et la solidarit\u00e9 entre les membres de l'\u00e9quipe.\t\t\t\t\t<\/p>\n\t\t\t\t\n\t\t\t<\/div>\n\t\t\t\n\t\t<\/div>\n\t\t\t\t\t\t<\/div>\n\t\t\t\t<\/div>\n\t\t\t\t<div class=\"elementor-element elementor-element-6342dcb elementor-position-inline-start elementor-view-default elementor-mobile-position-block-start elementor-widget elementor-widget-icon-box\" data-id=\"6342dcb\" data-element_type=\"widget\" data-e-type=\"widget\" data-widget_type=\"icon-box.default\">\n\t\t\t\t<div class=\"elementor-widget-container\">\n\t\t\t\t\t\t\t<div class=\"elementor-icon-box-wrapper\">\n\n\t\t\t\t\t\t<div class=\"elementor-icon-box-icon\">\n\t\t\t\t<span  class=\"elementor-icon\">\n\t\t\t\t<i aria-hidden=\"true\" class=\"far fa-calendar-check\"><\/i>\t\t\t\t<\/span>\n\t\t\t<\/div>\n\t\t\t\n\t\t\t\t\t\t<div class=\"elementor-icon-box-content\">\n\n\t\t\t\t\t\t\t\t\t<h3 class=\"elementor-icon-box-title\">\n\t\t\t\t\t\t<span  >\n\t\t\t\t\t\t\t3. Flexibilit\u00e9 des Programmes\t\t\t\t\t\t<\/span>\n\t\t\t\t\t<\/h3>\n\t\t\t\t\n\t\t\t\t\t\t\t\t\t<p class=\"elementor-icon-box-description\">\n\t\t\t\t\t\tQue vous souhaitiez organiser un stage \u00e0 la journ\u00e9e ou sur plusieurs jours, nous pouvons adapter nos programmes selon vos besoins et vos contraintes de temps. Que ce soit pour une courte escapade sportive ou une immersion compl\u00e8te, nous avons la formule qui vous convient.\n\n\t\t\t\t\t<\/p>\n\t\t\t\t\n\t\t\t<\/div>\n\t\t\t\n\t\t<\/div>\n\t\t\t\t\t\t<\/div>\n\t\t\t\t<\/div>\n\t\t\t\t<div class=\"elementor-element elementor-element-e6b0a3e elementor-position-inline-start elementor-view-default elementor-mobile-position-block-start elementor-widget elementor-widget-icon-box\" data-id=\"e6b0a3e\" data-element_type=\"widget\" data-e-type=\"widget\" data-widget_type=\"icon-box.default\">\n\t\t\t\t<div class=\"elementor-widget-container\">\n\t\t\t\t\t\t\t<div class=\"elementor-icon-box-wrapper\">\n\n\t\t\t\t\t\t<div class=\"elementor-icon-box-icon\">\n\t\t\t\t<span  class=\"elementor-icon\">\n\t\t\t\t<i aria-hidden=\"true\" class=\"fas fa-football-ball\"><\/i>\t\t\t\t<\/span>\n\t\t\t<\/div>\n\t\t\t\n\t\t\t\t\t\t<div class=\"elementor-icon-box-content\">\n\n\t\t\t\t\t\t\t\t\t<h3 class=\"elementor-icon-box-title\">\n\t\t\t\t\t\t<span  >\n\t\t\t\t\t\t\t4. Fun et Rigolade Garantis\t\t\t\t\t\t<\/span>\n\t\t\t\t\t<\/h3>\n\t\t\t\t\n\t\t\t\t\t\t\t\t\t<p class=\"elementor-icon-box-description\">\n\t\t\t\t\t\tParce que le sport ne doit pas \u00eatre synonyme de s\u00e9rieux absolu, nous int\u00e9grons des activit\u00e9s ludiques et divertissantes \u00e0 nos stages jeune. Apr\u00e8s une journ\u00e9e d'entra\u00eenement intense, les participants peuvent se d\u00e9tendre et s'amuser avec des activit\u00e9s telles que le laser game, le \"Koh Landes Tah\", ou encore le ventrigliss. Le plaisir et la rigolade sont au rendez-vous !\t\t\t\t\t<\/p>\n\t\t\t\t\n\t\t\t<\/div>\n\t\t\t\n\t\t<\/div>\n\t\t\t\t\t\t<\/div>\n\t\t\t\t<\/div>\n\t\t\t\t\t<\/div>\n\t\t<\/div>\n\t\t\t\t\t<\/div>\n\t\t<\/section>\n\t\t\t\t<section class=\"elementor-section elementor-top-section elementor-element elementor-element-363ce5a elementor-section-boxed elementor-section-height-default elementor-section-height-default\" data-id=\"363ce5a\" data-element_type=\"section\" data-e-type=\"section\">\n\t\t\t\t\t\t<div class=\"elementor-container elementor-column-gap-default\">\n\t\t\t\t\t<div class=\"elementor-column elementor-col-100 elementor-top-column elementor-element elementor-element-f6839d6\" data-id=\"f6839d6\" data-element_type=\"column\" data-e-type=\"column\">\n\t\t\t<div class=\"elementor-widget-wrap elementor-element-populated\">\n\t\t\t\t\t\t<div class=\"elementor-element elementor-element-94dd91d elementor-widget elementor-widget-image\" data-id=\"94dd91d\" data-element_type=\"widget\" data-e-type=\"widget\" data-widget_type=\"image.default\">\n\t\t\t\t<div class=\"elementor-widget-container\">\n\t\t\t\t\t\t\t\t\t\t\t\t\t\t\t<img decoding=\"async\" width=\"750\" height=\"1000\" src=\"https:\/\/www.stages.nature-landes.fr\/wp-content\/uploads\/2024\/04\/2022-02-26-12h24m45-768x1024.jpg\" class=\"attachment-medium_large size-medium_large wp-image-212\" alt=\"\" srcset=\"https:\/\/www.stages.nature-landes.fr\/wp-content\/uploads\/2024\/04\/2022-02-26-12h24m45-768x1024.jpg 768w, https:\/\/www.stages.nature-landes.fr\/wp-content\/uploads\/2024\/04\/2022-02-26-12h24m45-225x300.jpg 225w, https:\/\/www.stages.nature-landes.fr\/wp-content\/uploads\/2024\/04\/2022-02-26-12h24m45-1152x1536.jpg 1152w, https:\/\/www.stages.nature-landes.fr\/wp-content\/uploads\/2024\/04\/2022-02-26-12h24m45-600x800.jpg 600w, https:\/\/www.stages.nature-landes.fr\/wp-content\/uploads\/2024\/04\/2022-02-26-12h24m45.jpg 1536w\" sizes=\"(max-width: 750px) 100vw, 750px\" \/>\t\t\t\t\t\t\t\t\t\t\t\t\t\t\t<\/div>\n\t\t\t\t<\/div>\n\t\t\t\t\t<\/div>\n\t\t<\/div>\n\t\t\t\t\t<\/div>\n\t\t<\/section>\n\t\t\t\t<\/div>\n\t\t","protected":false},"excerpt":{"rendered":"<p>Nos stages jeune sont con\u00e7us pour offrir une exp\u00e9rience enrichissante et divertissante aux jeunes triathl\u00e8tes en herbe. Que vous soyez une \u00e9quipe en qu\u00eate de coh\u00e9sion, un groupe de jeunes sportifs passionn\u00e9s ou des individus d\u00e9sireux de perfectionner leurs comp\u00e9tences, nos programmes sont adapt\u00e9s \u00e0 tous les niveaux et \u00e0 [&hellip;]<\/p>\n","protected":false},"author":1,"featured_media":0,"parent":0,"menu_order":0,"comment_status":"closed","ping_status":"closed","template":"page-templates\/template-pagebuilder-full-width.php","meta":{"footnotes":""},"class_list":["post-44","page","type-page","status-publish","hentry"],"_links":{"self":[{"href":"https:\/\/www.stages.nature-landes.fr\/index.php?rest_route=\/wp\/v2\/pages\/44","targetHints":{"allow":["GET"]}}],"collection":[{"href":"https:\/\/www.stages.nature-landes.fr\/index.php?rest_route=\/wp\/v2\/pages"}],"about":[{"href":"https:\/\/www.stages.nature-landes.fr\/index.php?rest_route=\/wp\/v2\/types\/page"}],"author":[{"embeddable":true,"href":"https:\/\/www.stages.nature-landes.fr\/index.php?rest_route=\/wp\/v2\/users\/1"}],"replies":[{"embeddable":true,"href":"https:\/\/www.stages.nature-landes.fr\/index.php?rest_route=%2Fwp%2Fv2%2Fcomments&post=44"}],"version-history":[{"count":7,"href":"https:\/\/www.stages.nature-landes.fr\/index.php?rest_route=\/wp\/v2\/pages\/44\/revisions"}],"predecessor-version":[{"id":216,"href":"https:\/\/www.stages.nature-landes.fr\/index.php?rest_route=\/wp\/v2\/pages\/44\/revisions\/216"}],"wp:attachment":[{"href":"https:\/\/www.stages.nature-landes.fr\/index.php?rest_route=%2Fwp%2Fv2%2Fmedia&parent=44"}],"curies":[{"name":"wp","href":"https:\/\/api.w.org\/{rel}","templated":true}]}}